{"id":21976,"date":"2025-02-27T11:02:51","date_gmt":"2025-02-27T10:02:51","guid":{"rendered":"https:\/\/travel.mikelgnz.com\/?page_id=21976"},"modified":"2026-04-08T08:28:51","modified_gmt":"2026-04-08T08:28:51","slug":"contacto","status":"publish","type":"page","link":"https:\/\/bookroad.tours\/index.php\/contacto\/","title":{"rendered":"Contacto"},"content":{"rendered":"\t\t<div data-elementor-type=\"wp-page\" data-elementor-id=\"21976\" class=\"elementor elementor-21976\" data-elementor-post-type=\"page\">\n\t\t\t\t<div class=\"elementor-element elementor-element-39d1501b e-con-full e-flex e-con e-parent\" data-id=\"39d1501b\" data-element_type=\"container\" data-e-type=\"container\" data-settings=\"{&quot;background_background&quot;:&quot;classic&quot;}\">\n\t\t<div class=\"elementor-element elementor-element-2dcbad64 e-con-full e-flex e-con e-child\" data-id=\"2dcbad64\" data-element_type=\"container\" data-e-type=\"container\" data-settings=\"{&quot;background_background&quot;:&quot;classic&quot;}\">\n\t\t\t\t<div class=\"elementor-element elementor-element-2de5a8ed elementor-widget elementor-widget-heading\" data-id=\"2de5a8ed\" data-element_type=\"widget\" data-e-type=\"widget\" data-widget_type=\"heading.default\">\n\t\t\t\t<div class=\"elementor-widget-container\">\n\t\t\t\t\t<h1 class=\"elementor-heading-title elementor-size-default\">Dise\u00f1a tu propio viaje<\/h1>\t\t\t\t<\/div>\n\t\t\t\t<\/div>\n\t\t\t\t<div class=\"elementor-element elementor-element-13184f1c elementor-widget elementor-widget-heading\" data-id=\"13184f1c\" data-element_type=\"widget\" data-e-type=\"widget\" data-widget_type=\"heading.default\">\n\t\t\t\t<div class=\"elementor-widget-container\">\n\t\t\t\t\t<p class=\"elementor-heading-title elementor-size-default\">Nos encantar\u00eda hablar contigo. No dudes en comunicarte con nosotros utilizando los detalles a continuaci\u00f3n.<\/p>\t\t\t\t<\/div>\n\t\t\t\t<\/div>\n\t\t\t\t<\/div>\n\t\t<div class=\"elementor-element elementor-element-2898b47c e-con-full e-flex e-con e-child\" data-id=\"2898b47c\" data-element_type=\"container\" data-e-type=\"container\">\n\t\t\t\t<div class=\"elementor-element elementor-element-599e19a2 elementor-button-align-center elementor-tablet-button-align-center elementor-widget elementor-widget-form\" data-id=\"599e19a2\" data-element_type=\"widget\" data-e-type=\"widget\" data-settings=\"{&quot;step_next_label&quot;:&quot;Next&quot;,&quot;step_previous_label&quot;:&quot;Previous&quot;,&quot;button_width&quot;:&quot;100&quot;,&quot;step_type&quot;:&quot;number_text&quot;,&quot;step_icon_shape&quot;:&quot;circle&quot;}\" data-widget_type=\"form.default\">\n\t\t\t\t<div class=\"elementor-widget-container\">\n\t\t\t\t\t\t\t<form class=\"elementor-form\" method=\"post\" name=\"Contact\" aria-label=\"Contact\">\n\t\t\t<input type=\"hidden\" name=\"post_id\" value=\"21976\"\/>\n\t\t\t<input type=\"hidden\" name=\"form_id\" value=\"599e19a2\"\/>\n\t\t\t<input type=\"hidden\" name=\"referer_title\" value=\"Contacto - Bookroad Tours\" \/>\n\n\t\t\t\t\t\t\t<input type=\"hidden\" name=\"queried_id\" value=\"21976\"\/>\n\t\t\t\n\t\t\t<div class=\"elementor-form-fields-wrapper elementor-labels-\">\n\t\t\t\t\t\t\t\t<div class=\"elementor-field-type-text elementor-field-group elementor-column elementor-field-group-field_d2ae96f elementor-col-100 elementor-field-required\">\n\t\t\t\t\t\t\t\t\t\t\t\t<label for=\"form-field-field_d2ae96f\" class=\"elementor-field-label elementor-screen-only\">\n\t\t\t\t\t\t\t\tDestino\/Tour\t\t\t\t\t\t\t<\/label>\n\t\t\t\t\t\t\t\t\t\t\t\t\t\t<input size=\"1\" type=\"text\" name=\"form_fields[field_d2ae96f]\" id=\"form-field-field_d2ae96f\" class=\"elementor-field elementor-size-sm  elementor-field-textual\" placeholder=\"Destino\/Tour\" required=\"required\">\n\t\t\t\t\t\t\t\t\t\t\t<\/div>\n\t\t\t\t\t\t\t\t<div class=\"elementor-field-type-date elementor-field-group elementor-column elementor-field-group-message elementor-col-50 elementor-field-required\">\n\t\t\t\t\t\t\t\t\t\t\t\t<label for=\"form-field-message\" class=\"elementor-field-label elementor-screen-only\">\n\t\t\t\t\t\t\t\tFecha Salida\t\t\t\t\t\t\t<\/label>\n\t\t\t\t\t\t\n\t\t<input type=\"date\" name=\"form_fields[message]\" id=\"form-field-message\" class=\"elementor-field elementor-size-sm  elementor-field-textual elementor-date-field\" placeholder=\"Fecha de Salida*\" required=\"required\" pattern=\"[0-9]{4}-[0-9]{2}-[0-9]{2}\">\n\t\t\t\t\t\t<\/div>\n\t\t\t\t\t\t\t\t<div class=\"elementor-field-type-number elementor-field-group elementor-column elementor-field-group-field_0a8fa1e elementor-col-50 elementor-field-required\">\n\t\t\t\t\t\t\t\t\t\t\t\t<label for=\"form-field-field_0a8fa1e\" class=\"elementor-field-label elementor-screen-only\">\n\t\t\t\t\t\t\t\tD\u00edas\t\t\t\t\t\t\t<\/label>\n\t\t\t\t\t\t\t\t\t<input type=\"number\" name=\"form_fields[field_0a8fa1e]\" id=\"form-field-field_0a8fa1e\" class=\"elementor-field elementor-size-sm  elementor-field-textual\" placeholder=\"D\u00edas*\" required=\"required\" min=\"1\" max=\"\" >\n\t\t\t\t\t\t<\/div>\n\t\t\t\t\t\t\t\t<div class=\"elementor-field-type-number elementor-field-group elementor-column elementor-field-group-field_7f82292 elementor-col-100 elementor-field-required\">\n\t\t\t\t\t\t\t\t\t\t\t\t<label for=\"form-field-field_7f82292\" class=\"elementor-field-label elementor-screen-only\">\n\t\t\t\t\t\t\t\tViajeros\t\t\t\t\t\t\t<\/label>\n\t\t\t\t\t\t\t\t\t<input type=\"number\" name=\"form_fields[field_7f82292]\" id=\"form-field-field_7f82292\" class=\"elementor-field elementor-size-sm  elementor-field-textual\" placeholder=\"N\u00ba Viajeros\" required=\"required\" min=\"1\" max=\"\" >\n\t\t\t\t\t\t<\/div>\n\t\t\t\t\t\t\t\t<div class=\"elementor-field-type-text elementor-field-group elementor-column elementor-field-group-field_af11959 elementor-col-100 elementor-field-required\">\n\t\t\t\t\t\t\t\t\t\t\t\t<label for=\"form-field-field_af11959\" class=\"elementor-field-label elementor-screen-only\">\n\t\t\t\t\t\t\t\tDetalles\t\t\t\t\t\t\t<\/label>\n\t\t\t\t\t\t\t\t\t\t\t\t\t\t<input size=\"1\" type=\"text\" name=\"form_fields[field_af11959]\" id=\"form-field-field_af11959\" class=\"elementor-field elementor-size-sm  elementor-field-textual\" placeholder=\"Detalles\" required=\"required\">\n\t\t\t\t\t\t\t\t\t\t\t<\/div>\n\t\t\t\t\t\t\t\t<div class=\"elementor-field-type-number elementor-field-group elementor-column elementor-field-group-field_cfa3cd9 elementor-col-100\">\n\t\t\t\t\t\t\t\t\t\t\t\t<label for=\"form-field-field_cfa3cd9\" class=\"elementor-field-label elementor-screen-only\">\n\t\t\t\t\t\t\t\tPresupuesto\t\t\t\t\t\t\t<\/label>\n\t\t\t\t\t\t\t\t\t<input type=\"number\" name=\"form_fields[field_cfa3cd9]\" id=\"form-field-field_cfa3cd9\" class=\"elementor-field elementor-size-sm  elementor-field-textual\" placeholder=\"Presupuesto \/ \u20ac\" min=\"\" max=\"\" >\n\t\t\t\t\t\t<\/div>\n\t\t\t\t\t\t\t\t<div class=\"elementor-field-type-text elementor-field-group elementor-column elementor-field-group-name elementor-col-50 elementor-field-required\">\n\t\t\t\t\t\t\t\t\t\t\t\t<label for=\"form-field-name\" class=\"elementor-field-label elementor-screen-only\">\n\t\t\t\t\t\t\t\tNombre\t\t\t\t\t\t\t<\/label>\n\t\t\t\t\t\t\t\t\t\t\t\t\t\t<input size=\"1\" type=\"text\" name=\"form_fields[name]\" id=\"form-field-name\" class=\"elementor-field elementor-size-sm  elementor-field-textual\" placeholder=\"Nombre*\" required=\"required\">\n\t\t\t\t\t\t\t\t\t\t\t<\/div>\n\t\t\t\t\t\t\t\t<div class=\"elementor-field-type-text elementor-field-group elementor-column elementor-field-group-field_b743cd7 elementor-col-50 elementor-field-required\">\n\t\t\t\t\t\t\t\t\t\t\t\t<label for=\"form-field-field_b743cd7\" class=\"elementor-field-label elementor-screen-only\">\n\t\t\t\t\t\t\t\tApellido\t\t\t\t\t\t\t<\/label>\n\t\t\t\t\t\t\t\t\t\t\t\t\t\t<input size=\"1\" type=\"text\" name=\"form_fields[field_b743cd7]\" id=\"form-field-field_b743cd7\" class=\"elementor-field elementor-size-sm  elementor-field-textual\" placeholder=\"Apellido*\" required=\"required\">\n\t\t\t\t\t\t\t\t\t\t\t<\/div>\n\t\t\t\t\t\t\t\t<div class=\"elementor-field-type-tel elementor-field-group elementor-column elementor-field-group-field_6c180a9 elementor-col-50 elementor-field-required\">\n\t\t\t\t\t\t\t\t\t\t\t\t<label for=\"form-field-field_6c180a9\" class=\"elementor-field-label elementor-screen-only\">\n\t\t\t\t\t\t\t\tTel\u00e9fono\t\t\t\t\t\t\t<\/label>\n\t\t\t\t\t\t\t\t<input size=\"1\" type=\"tel\" name=\"form_fields[field_6c180a9]\" id=\"form-field-field_6c180a9\" class=\"elementor-field elementor-size-sm  elementor-field-textual\" placeholder=\"Tel\u00e9fono*\" required=\"required\" pattern=\"[0-9()#&amp;+*-=.]+\" title=\"Solo se aceptan n\u00fameros y caracteres de tel\u00e9fono (#,-,*,etc).\">\n\n\t\t\t\t\t\t<\/div>\n\t\t\t\t\t\t\t\t<div class=\"elementor-field-type-email elementor-field-group elementor-column elementor-field-group-email elementor-col-50 elementor-field-required\">\n\t\t\t\t\t\t\t\t\t\t\t\t<label for=\"form-field-email\" class=\"elementor-field-label elementor-screen-only\">\n\t\t\t\t\t\t\t\tEmail\t\t\t\t\t\t\t<\/label>\n\t\t\t\t\t\t\t\t\t\t\t\t\t\t<input size=\"1\" type=\"email\" name=\"form_fields[email]\" id=\"form-field-email\" class=\"elementor-field elementor-size-sm  elementor-field-textual\" placeholder=\"Email*\" required=\"required\">\n\t\t\t\t\t\t\t\t\t\t\t<\/div>\n\t\t\t\t\t\t\t\t<div class=\"elementor-field-group elementor-column elementor-field-type-submit elementor-col-100 e-form__buttons\">\n\t\t\t\t\t<button class=\"elementor-button elementor-size-sm\" type=\"submit\">\n\t\t\t\t\t\t<span class=\"elementor-button-content-wrapper\">\n\t\t\t\t\t\t\t\t\t\t\t\t\t\t\t\t\t\t\t\t\t\t<span class=\"elementor-button-text\">Enviar<\/span>\n\t\t\t\t\t\t\t\t\t\t\t\t\t<\/span>\n\t\t\t\t\t<\/button>\n\t\t\t\t<\/div>\n\t\t\t<\/div>\n\t\t<\/form>\n\t\t\t\t\t\t<\/div>\n\t\t\t\t<\/div>\n\t\t\t\t<\/div>\n\t\t\t\t<\/div>\n\t\t<div class=\"elementor-element elementor-element-b9cc815 e-flex e-con-boxed e-con e-parent\" data-id=\"b9cc815\" data-element_type=\"container\" data-e-type=\"container\" id=\"videollamada\">\n\t\t\t\t\t<div class=\"e-con-inner\">\n\t\t\t\t<div class=\"elementor-element elementor-element-b0b5724 elementor-widget elementor-widget-heading\" data-id=\"b0b5724\" data-element_type=\"widget\" data-e-type=\"widget\" data-widget_type=\"heading.default\">\n\t\t\t\t<div class=\"elementor-widget-container\">\n\t\t\t\t\t<h1 class=\"elementor-heading-title elementor-size-default\">Reserva cita para una videollamada<\/h1>\t\t\t\t<\/div>\n\t\t\t\t<\/div>\n\t\t\t\t<div class=\"elementor-element elementor-element-23524a0 elementor-widget elementor-widget-text-editor\" data-id=\"23524a0\" data-element_type=\"widget\" data-e-type=\"widget\" data-widget_type=\"text-editor.default\">\n\t\t\t\t<div class=\"elementor-widget-container\">\n\t\t\t\t\t\t\t\t\t<p>Te explicaremos en detalle de todas las opciones de viaje que tienes.<\/p>\t\t\t\t\t\t\t\t<\/div>\n\t\t\t\t<\/div>\n\t\t\t\t<div class=\"elementor-element elementor-element-8c3aef6 elementor-widget elementor-widget-html\" data-id=\"8c3aef6\" data-element_type=\"widget\" data-e-type=\"widget\" data-widget_type=\"html.default\">\n\t\t\t\t<div class=\"elementor-widget-container\">\n\t\t\t\t\t<!-- Google Calendar Appointment Scheduling begin -->\n<iframe src=\"https:\/\/calendar.google.com\/calendar\/appointments\/schedules\/AcZssZ05qmD1nxkndjN7rfCRKCJ2R7Ys-OUcnfNt3BbswAU8nDj-5hHPIEdg91TErcmMLx1TWA5rFkDW?gv=true\" style=\"border: 0\" width=\"100%\" height=\"600\" frameborder=\"0\"><\/iframe>\n<!-- end Google Calendar Appointment Scheduling -->\t\t\t\t<\/div>\n\t\t\t\t<\/div>\n\t\t\t\t<div class=\"elementor-element elementor-element-288d27d elementor-widget elementor-widget-html\" data-id=\"288d27d\" data-element_type=\"widget\" data-e-type=\"widget\" data-widget_type=\"html.default\">\n\t\t\t\t<div class=\"elementor-widget-container\">\n\t\t\t\t\t<script>\r\n  window.addEventListener(\"blur\", function() {\r\n    if (document.activeElement === document.querySelector('iframe[src*=\"calendar.google.com\"]')) {\r\n      window.dataLayer.push({\r\n        'event': 'calendar_click'\r\n      });\r\n    }\r\n  });\r\n<\/script>\t\t\t\t<\/div>\n\t\t\t\t<\/div>\n\t\t\t\t\t<\/div>\n\t\t\t\t<\/div>\n\t\t<div class=\"elementor-element elementor-element-e6b8bff e-flex e-con-boxed e-con e-parent\" data-id=\"e6b8bff\" data-element_type=\"container\" data-e-type=\"container\">\n\t\t\t\t\t<div class=\"e-con-inner\">\n\t\t\t\t<div class=\"elementor-element elementor-element-ae5f9ba elementor-widget-divider--view-line elementor-widget elementor-widget-divider\" data-id=\"ae5f9ba\" data-element_type=\"widget\" data-e-type=\"widget\" data-widget_type=\"divider.default\">\n\t\t\t\t<div class=\"elementor-widget-container\">\n\t\t\t\t\t\t\t<div class=\"elementor-divider\">\n\t\t\t<span class=\"elementor-divider-separator\">\n\t\t\t\t\t\t<\/span>\n\t\t<\/div>\n\t\t\t\t\t\t<\/div>\n\t\t\t\t<\/div>\n\t\t\t\t\t<\/div>\n\t\t\t\t<\/div>\n\t\t\t\t<\/div>\n\t\t","protected":false},"excerpt":{"rendered":"<p>Dise\u00f1a tu propio viaje Nos encantar\u00eda hablar contigo. No dudes en comunicarte con nosotros utilizando los detalles a continuaci\u00f3n. Reserva cita para una videollamada Te explicaremos en detalle de todas las opciones de viaje que tienes.<\/p>\n","protected":false},"author":1,"featured_media":0,"parent":0,"menu_order":0,"comment_status":"closed","ping_status":"closed","template":"","meta":{"_acf_changed":false,"footnotes":""},"class_list":["post-21976","page","type-page","status-publish","hentry"],"acf":[],"yoast_head":"<!-- This site is optimized with the Yoast SEO plugin v27.6 - https:\/\/yoast.com\/product\/yoast-seo-wordpress\/ -->\n<title>Contacto - Bookroad Tours<\/title>\n<meta name=\"robots\" content=\"index, follow, max-snippet:-1, max-image-preview:large, max-video-preview:-1\" \/>\n<link rel=\"canonical\" href=\"https:\/\/bookroad.tours\/index.php\/contacto\/\" \/>\n<meta property=\"og:locale\" content=\"es_ES\" \/>\n<meta property=\"og:type\" content=\"article\" \/>\n<meta property=\"og:title\" content=\"Contacto - Bookroad Tours\" \/>\n<meta property=\"og:description\" content=\"Dise\u00f1a tu propio viaje Nos encantar\u00eda hablar contigo. No dudes en comunicarte con nosotros utilizando los detalles a continuaci\u00f3n. Reserva cita para una videollamada Te explicaremos en detalle de todas las opciones de viaje que tienes.\" \/>\n<meta property=\"og:url\" content=\"https:\/\/bookroad.tours\/index.php\/contacto\/\" \/>\n<meta property=\"og:site_name\" content=\"Bookroad Tours\" \/>\n<meta property=\"article:modified_time\" content=\"2026-04-08T08:28:51+00:00\" \/>\n<meta property=\"og:image\" content=\"https:\/\/bookroad.tours\/wp-content\/uploads\/2025\/05\/Deba.jpg\" \/>\n\t<meta property=\"og:image:width\" content=\"1200\" \/>\n\t<meta property=\"og:image:height\" content=\"783\" \/>\n\t<meta property=\"og:image:type\" content=\"image\/jpeg\" \/>\n<meta name=\"twitter:card\" content=\"summary_large_image\" \/>\n<meta name=\"twitter:label1\" content=\"Tiempo de lectura\" \/>\n\t<meta name=\"twitter:data1\" content=\"1 minuto\" \/>\n<script type=\"application\/ld+json\" class=\"yoast-schema-graph\">{\"@context\":\"https:\\\/\\\/schema.org\",\"@graph\":[{\"@type\":\"WebPage\",\"@id\":\"https:\\\/\\\/bookroad.tours\\\/index.php\\\/contacto\\\/\",\"url\":\"https:\\\/\\\/bookroad.tours\\\/index.php\\\/contacto\\\/\",\"name\":\"Contacto - Bookroad Tours\",\"isPartOf\":{\"@id\":\"https:\\\/\\\/bookroad.tours\\\/#website\"},\"datePublished\":\"2025-02-27T10:02:51+00:00\",\"dateModified\":\"2026-04-08T08:28:51+00:00\",\"breadcrumb\":{\"@id\":\"https:\\\/\\\/bookroad.tours\\\/index.php\\\/contacto\\\/#breadcrumb\"},\"inLanguage\":\"es\",\"potentialAction\":[{\"@type\":\"ReadAction\",\"target\":[\"https:\\\/\\\/bookroad.tours\\\/index.php\\\/contacto\\\/\"]}]},{\"@type\":\"BreadcrumbList\",\"@id\":\"https:\\\/\\\/bookroad.tours\\\/index.php\\\/contacto\\\/#breadcrumb\",\"itemListElement\":[{\"@type\":\"ListItem\",\"position\":1,\"name\":\"Portada\",\"item\":\"https:\\\/\\\/bookroad.tours\\\/index.php\\\/en\\\/main\\\/\"},{\"@type\":\"ListItem\",\"position\":2,\"name\":\"Contacto\"}]},{\"@type\":\"WebSite\",\"@id\":\"https:\\\/\\\/bookroad.tours\\\/#website\",\"url\":\"https:\\\/\\\/bookroad.tours\\\/\",\"name\":\"Bookroad Tours\",\"description\":\"Your Spain Luxury Travel Experts\",\"publisher\":{\"@id\":\"https:\\\/\\\/bookroad.tours\\\/#organization\"},\"potentialAction\":[{\"@type\":\"SearchAction\",\"target\":{\"@type\":\"EntryPoint\",\"urlTemplate\":\"https:\\\/\\\/bookroad.tours\\\/?s={search_term_string}\"},\"query-input\":{\"@type\":\"PropertyValueSpecification\",\"valueRequired\":true,\"valueName\":\"search_term_string\"}}],\"inLanguage\":\"es\"},{\"@type\":\"Organization\",\"@id\":\"https:\\\/\\\/bookroad.tours\\\/#organization\",\"name\":\"Bookroad Tours\",\"url\":\"https:\\\/\\\/bookroad.tours\\\/\",\"logo\":{\"@type\":\"ImageObject\",\"inLanguage\":\"es\",\"@id\":\"https:\\\/\\\/bookroad.tours\\\/#\\\/schema\\\/logo\\\/image\\\/\",\"url\":\"https:\\\/\\\/bookroad.tours\\\/wp-content\\\/uploads\\\/2025\\\/02\\\/cropped-logo-br-tours2-3.png\",\"contentUrl\":\"https:\\\/\\\/bookroad.tours\\\/wp-content\\\/uploads\\\/2025\\\/02\\\/cropped-logo-br-tours2-3.png\",\"width\":1084,\"height\":233,\"caption\":\"Bookroad Tours\"},\"image\":{\"@id\":\"https:\\\/\\\/bookroad.tours\\\/#\\\/schema\\\/logo\\\/image\\\/\"}}]}<\/script>\n<!-- \/ Yoast SEO plugin. -->","yoast_head_json":{"title":"Contacto - Bookroad Tours","robots":{"index":"index","follow":"follow","max-snippet":"max-snippet:-1","max-image-preview":"max-image-preview:large","max-video-preview":"max-video-preview:-1"},"canonical":"https:\/\/bookroad.tours\/index.php\/contacto\/","og_locale":"es_ES","og_type":"article","og_title":"Contacto - Bookroad Tours","og_description":"Dise\u00f1a tu propio viaje Nos encantar\u00eda hablar contigo. No dudes en comunicarte con nosotros utilizando los detalles a continuaci\u00f3n. Reserva cita para una videollamada Te explicaremos en detalle de todas las opciones de viaje que tienes.","og_url":"https:\/\/bookroad.tours\/index.php\/contacto\/","og_site_name":"Bookroad Tours","article_modified_time":"2026-04-08T08:28:51+00:00","og_image":[{"width":1200,"height":783,"url":"https:\/\/bookroad.tours\/wp-content\/uploads\/2025\/05\/Deba.jpg","type":"image\/jpeg"}],"twitter_card":"summary_large_image","twitter_misc":{"Tiempo de lectura":"1 minuto"},"schema":{"@context":"https:\/\/schema.org","@graph":[{"@type":"WebPage","@id":"https:\/\/bookroad.tours\/index.php\/contacto\/","url":"https:\/\/bookroad.tours\/index.php\/contacto\/","name":"Contacto - Bookroad Tours","isPartOf":{"@id":"https:\/\/bookroad.tours\/#website"},"datePublished":"2025-02-27T10:02:51+00:00","dateModified":"2026-04-08T08:28:51+00:00","breadcrumb":{"@id":"https:\/\/bookroad.tours\/index.php\/contacto\/#breadcrumb"},"inLanguage":"es","potentialAction":[{"@type":"ReadAction","target":["https:\/\/bookroad.tours\/index.php\/contacto\/"]}]},{"@type":"BreadcrumbList","@id":"https:\/\/bookroad.tours\/index.php\/contacto\/#breadcrumb","itemListElement":[{"@type":"ListItem","position":1,"name":"Portada","item":"https:\/\/bookroad.tours\/index.php\/en\/main\/"},{"@type":"ListItem","position":2,"name":"Contacto"}]},{"@type":"WebSite","@id":"https:\/\/bookroad.tours\/#website","url":"https:\/\/bookroad.tours\/","name":"Bookroad Tours","description":"Your Spain Luxury Travel Experts","publisher":{"@id":"https:\/\/bookroad.tours\/#organization"},"potentialAction":[{"@type":"SearchAction","target":{"@type":"EntryPoint","urlTemplate":"https:\/\/bookroad.tours\/?s={search_term_string}"},"query-input":{"@type":"PropertyValueSpecification","valueRequired":true,"valueName":"search_term_string"}}],"inLanguage":"es"},{"@type":"Organization","@id":"https:\/\/bookroad.tours\/#organization","name":"Bookroad Tours","url":"https:\/\/bookroad.tours\/","logo":{"@type":"ImageObject","inLanguage":"es","@id":"https:\/\/bookroad.tours\/#\/schema\/logo\/image\/","url":"https:\/\/bookroad.tours\/wp-content\/uploads\/2025\/02\/cropped-logo-br-tours2-3.png","contentUrl":"https:\/\/bookroad.tours\/wp-content\/uploads\/2025\/02\/cropped-logo-br-tours2-3.png","width":1084,"height":233,"caption":"Bookroad Tours"},"image":{"@id":"https:\/\/bookroad.tours\/#\/schema\/logo\/image\/"}}]}},"_links":{"self":[{"href":"https:\/\/bookroad.tours\/index.php\/wp-json\/wp\/v2\/pages\/21976","targetHints":{"allow":["GET"]}}],"collection":[{"href":"https:\/\/bookroad.tours\/index.php\/wp-json\/wp\/v2\/pages"}],"about":[{"href":"https:\/\/bookroad.tours\/index.php\/wp-json\/wp\/v2\/types\/page"}],"author":[{"embeddable":true,"href":"https:\/\/bookroad.tours\/index.php\/wp-json\/wp\/v2\/users\/1"}],"replies":[{"embeddable":true,"href":"https:\/\/bookroad.tours\/index.php\/wp-json\/wp\/v2\/comments?post=21976"}],"version-history":[{"count":30,"href":"https:\/\/bookroad.tours\/index.php\/wp-json\/wp\/v2\/pages\/21976\/revisions"}],"predecessor-version":[{"id":25242,"href":"https:\/\/bookroad.tours\/index.php\/wp-json\/wp\/v2\/pages\/21976\/revisions\/25242"}],"wp:attachment":[{"href":"https:\/\/bookroad.tours\/index.php\/wp-json\/wp\/v2\/media?parent=21976"}],"curies":[{"name":"wp","href":"https:\/\/api.w.org\/{rel}","templated":true}]}}