{"id":21971,"date":"2025-02-27T10:54:15","date_gmt":"2025-02-27T09:54:15","guid":{"rendered":"https:\/\/travel.mikelgnz.com\/?page_id=21971"},"modified":"2026-03-25T10:21:08","modified_gmt":"2026-03-25T10:21:08","slug":"sobre-nosotros","status":"publish","type":"page","link":"https:\/\/bookroad.tours\/index.php\/sobre-nosotros\/","title":{"rendered":"Sobre Nosotros"},"content":{"rendered":"\t\t<div data-elementor-type=\"wp-page\" data-elementor-id=\"21971\" class=\"elementor elementor-21971\" data-elementor-post-type=\"page\">\n\t\t\t\t<div class=\"elementor-element elementor-element-1d34cac e-con-full e-flex e-con e-parent\" data-id=\"1d34cac\" data-element_type=\"container\" data-e-type=\"container\" data-settings=\"{&quot;background_background&quot;:&quot;classic&quot;}\">\n\t\t\t\t<\/div>\n\t\t<div class=\"elementor-element elementor-element-6e37ed3 e-flex e-con-boxed e-con e-parent\" data-id=\"6e37ed3\" data-element_type=\"container\" data-e-type=\"container\">\n\t\t\t\t\t<div class=\"e-con-inner\">\n\t\t<div class=\"elementor-element elementor-element-7786221 e-con-full e-flex e-con e-child\" data-id=\"7786221\" data-element_type=\"container\" data-e-type=\"container\" data-settings=\"{&quot;background_background&quot;:&quot;classic&quot;}\">\n\t\t\t\t<\/div>\n\t\t<div class=\"elementor-element elementor-element-7d9dc97 e-con-full e-flex e-con e-child\" data-id=\"7d9dc97\" data-element_type=\"container\" data-e-type=\"container\">\n\t\t\t\t<div class=\"elementor-element elementor-element-8081cc3 elementor-invisible elementor-widget elementor-widget-text-editor\" data-id=\"8081cc3\" data-element_type=\"widget\" data-e-type=\"widget\" data-settings=\"{&quot;_animation&quot;:&quot;fadeIn&quot;}\" data-widget_type=\"text-editor.default\">\n\t\t\t\t<div class=\"elementor-widget-container\">\n\t\t\t\t\t\t\t\t\t<p>Bookroad Travel cuenta con un gran equipo de expertos en viajes corporativos comprometidos a brindar soluciones de viajes que se ajusten a sus necesidades comerciales espec\u00edficas. Ya sea que est\u00e9 buscando organizar una conferencia, una reuni\u00f3n de negocios, un evento corporativo o simplemente un viaje de negocios, estamos aqu\u00ed para ayudarlo. En este gran equipo contamos con experiencia y conocimiento en la industria de viajes de negocios, y tambi\u00e9n estamos comprometidos a brindar soluciones personalizadas y efectivas para satisfacer las necesidades de cada cliente.<\/p>\t\t\t\t\t\t\t\t<\/div>\n\t\t\t\t<\/div>\n\t\t\t\t<div class=\"elementor-element elementor-element-e6c53d0 animated-slow elementor-invisible elementor-widget elementor-widget-text-editor\" data-id=\"e6c53d0\" data-element_type=\"widget\" data-e-type=\"widget\" data-settings=\"{&quot;_animation&quot;:&quot;fadeIn&quot;,&quot;_animation_delay&quot;:100}\" data-widget_type=\"text-editor.default\">\n\t\t\t\t<div class=\"elementor-widget-container\">\n\t\t\t\t\t\t\t\t\t<p>Nos enorgullecemos de nuestro compromiso con la excelencia en el servicio al cliente y trabajamos incansablemente para garantizar que cada uno de nuestros clientes reciba la mejor atenci\u00f3n y apoyo durante todo el proceso de viaje. Con Bookroad Travel, puede estar seguro de que su experiencia de viaje corporativo ser\u00e1 fluida, eficaz y rentable.<\/p><p>15 years of experience in the tourism industry has helped Travelami to build a comprehensive and complete view of Vietnam\u2019s tourism industry, understanding the needs of international customers.\u00a0<\/p>\t\t\t\t\t\t\t\t<\/div>\n\t\t\t\t<\/div>\n\t\t\t\t<div class=\"elementor-element elementor-element-7ea3a43 elementor-invisible elementor-widget elementor-widget-button\" data-id=\"7ea3a43\" data-element_type=\"widget\" data-e-type=\"widget\" data-settings=\"{&quot;_animation&quot;:&quot;fadeInDown&quot;,&quot;_animation_delay&quot;:150}\" data-widget_type=\"button.default\">\n\t\t\t\t<div class=\"elementor-widget-container\">\n\t\t\t\t\t\t\t\t\t<div class=\"elementor-button-wrapper\">\n\t\t\t\t\t<a class=\"elementor-button elementor-button-link elementor-size-sm\" href=\"https:\/\/bookroad.tours\/index.php\/contacto\/\">\n\t\t\t\t\t\t<span class=\"elementor-button-content-wrapper\">\n\t\t\t\t\t\t\t\t\t<span class=\"elementor-button-text\">Cont\u00e1ctanos<\/span>\n\t\t\t\t\t<\/span>\n\t\t\t\t\t<\/a>\n\t\t\t\t<\/div>\n\t\t\t\t\t\t\t\t<\/div>\n\t\t\t\t<\/div>\n\t\t\t\t<\/div>\n\t\t\t\t\t<\/div>\n\t\t\t\t<\/div>\n\t\t<div class=\"elementor-element elementor-element-f45ed0c e-flex e-con-boxed e-con e-parent\" data-id=\"f45ed0c\" data-element_type=\"container\" data-e-type=\"container\">\n\t\t\t\t\t<div class=\"e-con-inner\">\n\t\t<div class=\"elementor-element elementor-element-019d923 e-con-full e-flex e-con e-child\" data-id=\"019d923\" data-element_type=\"container\" data-e-type=\"container\">\n\t\t\t\t<div class=\"elementor-element elementor-element-76b313c animated-slow elementor-invisible elementor-widget elementor-widget-text-editor\" data-id=\"76b313c\" data-element_type=\"widget\" data-e-type=\"widget\" data-settings=\"{&quot;_animation&quot;:&quot;fadeIn&quot;,&quot;_animation_delay&quot;:100}\" data-widget_type=\"text-editor.default\">\n\t\t\t\t<div class=\"elementor-widget-container\">\n\t\t\t\t\t\t\t\t\t<div id=\"page\" class=\"site grid-container container hfeed grid-parent\"><div id=\"content\" class=\"site-content\"><div class=\"elementor elementor-845\" data-elementor-type=\"wp-post\" data-elementor-id=\"845\" data-elementor-post-type=\"page\"><section class=\"elementor-section elementor-top-section elementor-element elementor-element-55107d1 elementor-section-boxed elementor-section-height-default elementor-section-height-default\" data-id=\"55107d1\" data-element_type=\"section\"><div class=\"elementor-container elementor-column-gap-default\"><div class=\"elementor-column elementor-col-100 elementor-top-column elementor-element elementor-element-1f0d289\" data-id=\"1f0d289\" data-element_type=\"column\"><div class=\"elementor-widget-wrap elementor-element-populated\"><div class=\"elementor-element elementor-element-fbf86a8 elementor-widget elementor-widget-text-editor\" data-id=\"fbf86a8\" data-element_type=\"widget\" data-widget_type=\"text-editor.default\"><div class=\"elementor-widget-container\"><p>Nuestra empresa lleva desde 2007 gestionando traslados privados y viajes de empresa, en un principio con una red de colaboradores repartidos por toda Espa\u00f1a. Poco a poco hemos apostado por la expansi\u00f3n global, ampliando nuestra red a destinos de Europa, Asia y Am\u00e9rica.<\/p><p><strong>Bookroad<\/strong> nace como marca en 2018 fruto de ese trabajo de expansi\u00f3n realizado por <strong>Taxiberia<\/strong> y con el objetivo de seguir creciendo como referente en nuestro sector, pero sin olvidar lo que consideramos esencial: la cercan\u00eda al cliente y la calidad que tenemos gracias a nuestra creciente red de colaboradores de confianza. Por supuesto, vamos adoptando todos los avances tecnol\u00f3gicos de nuestro tiempo, como la integraci\u00f3n XLM o la geolocalizaci\u00f3n, pero sin caer en la automatizaci\u00f3n de procesos y la frialdad del trato, porque agradecemos la confianza que depositan en nosotros nuestros clientes. Llevamos m\u00e1s de una d\u00e9cada gestionando traslados a eventos y congresos, reuniones de empresa, traslados para seguros m\u00e9dicos, viajes de ocio, excursiones para cruceristas, tours gastron\u00f3micos y enol\u00f3gicos o cualquier otro servicio que nos soliciten nuestros clientes. Y seguimos creciendo, tanto en personas como en clientes, en todo el mundo.<\/p><\/div><\/div><\/div><\/div><\/div><\/section><\/div><\/div><\/div>\t\t\t\t\t\t\t\t<\/div>\n\t\t\t\t<\/div>\n\t\t\t\t<div class=\"elementor-element elementor-element-4a98a15 elementor-invisible elementor-widget elementor-widget-button\" data-id=\"4a98a15\" data-element_type=\"widget\" data-e-type=\"widget\" data-settings=\"{&quot;_animation&quot;:&quot;fadeInDown&quot;,&quot;_animation_delay&quot;:150}\" data-widget_type=\"button.default\">\n\t\t\t\t<div class=\"elementor-widget-container\">\n\t\t\t\t\t\t\t\t\t<div class=\"elementor-button-wrapper\">\n\t\t\t\t\t<a class=\"elementor-button elementor-button-link elementor-size-sm\" href=\"https:\/\/bookroad.tours\/index.php\/contacto\/\">\n\t\t\t\t\t\t<span class=\"elementor-button-content-wrapper\">\n\t\t\t\t\t\t\t\t\t<span class=\"elementor-button-text\">Descubre m\u00e1s<\/span>\n\t\t\t\t\t<\/span>\n\t\t\t\t\t<\/a>\n\t\t\t\t<\/div>\n\t\t\t\t\t\t\t\t<\/div>\n\t\t\t\t<\/div>\n\t\t\t\t<\/div>\n\t\t<div class=\"elementor-element elementor-element-2867142 e-con-full e-flex e-con e-child\" data-id=\"2867142\" data-element_type=\"container\" data-e-type=\"container\" data-settings=\"{&quot;background_background&quot;:&quot;classic&quot;}\">\n\t\t\t\t<\/div>\n\t\t\t\t\t<\/div>\n\t\t\t\t<\/div>\n\t\t\t\t<\/div>\n\t\t","protected":false},"excerpt":{"rendered":"<p>Bookroad Travel cuenta con un gran equipo de expertos en viajes corporativos comprometidos a brindar soluciones de viajes que se ajusten a sus necesidades comerciales espec\u00edficas. Ya sea que est\u00e9 buscando organizar una conferencia, una reuni\u00f3n de negocios, un evento corporativo o simplemente un viaje de negocios, estamos aqu\u00ed para ayudarlo. En este gran equipo [&hellip;]<\/p>\n","protected":false},"author":1,"featured_media":0,"parent":0,"menu_order":0,"comment_status":"closed","ping_status":"closed","template":"","meta":{"_acf_changed":false,"footnotes":""},"class_list":["post-21971","page","type-page","status-publish","hentry"],"acf":[],"yoast_head":"<!-- This site is optimized with the Yoast SEO plugin v27.6 - https:\/\/yoast.com\/product\/yoast-seo-wordpress\/ -->\n<title>Sobre Nosotros - Bookroad Tours<\/title>\n<meta name=\"robots\" content=\"index, follow, max-snippet:-1, max-image-preview:large, max-video-preview:-1\" \/>\n<link rel=\"canonical\" href=\"https:\/\/bookroad.tours\/index.php\/sobre-nosotros\/\" \/>\n<meta property=\"og:locale\" content=\"es_ES\" \/>\n<meta property=\"og:type\" content=\"article\" \/>\n<meta property=\"og:title\" content=\"Sobre Nosotros - Bookroad Tours\" \/>\n<meta property=\"og:description\" content=\"Bookroad Travel cuenta con un gran equipo de expertos en viajes corporativos comprometidos a brindar soluciones de viajes que se ajusten a sus necesidades comerciales espec\u00edficas. Ya sea que est\u00e9 buscando organizar una conferencia, una reuni\u00f3n de negocios, un evento corporativo o simplemente un viaje de negocios, estamos aqu\u00ed para ayudarlo. En este gran equipo [&hellip;]\" \/>\n<meta property=\"og:url\" content=\"https:\/\/bookroad.tours\/index.php\/sobre-nosotros\/\" \/>\n<meta property=\"og:site_name\" content=\"Bookroad Tours\" \/>\n<meta property=\"article:modified_time\" content=\"2026-03-25T10:21:08+00:00\" \/>\n<meta property=\"og:image\" content=\"https:\/\/bookroad.tours\/wp-content\/uploads\/2025\/05\/Deba.jpg\" \/>\n\t<meta property=\"og:image:width\" content=\"1200\" \/>\n\t<meta property=\"og:image:height\" content=\"783\" \/>\n\t<meta property=\"og:image:type\" content=\"image\/jpeg\" \/>\n<meta name=\"twitter:card\" content=\"summary_large_image\" \/>\n<meta name=\"twitter:label1\" content=\"Tiempo de lectura\" \/>\n\t<meta name=\"twitter:data1\" content=\"3 minutos\" \/>\n<script type=\"application\/ld+json\" class=\"yoast-schema-graph\">{\"@context\":\"https:\\\/\\\/schema.org\",\"@graph\":[{\"@type\":\"WebPage\",\"@id\":\"https:\\\/\\\/bookroad.tours\\\/index.php\\\/sobre-nosotros\\\/\",\"url\":\"https:\\\/\\\/bookroad.tours\\\/index.php\\\/sobre-nosotros\\\/\",\"name\":\"Sobre Nosotros - Bookroad Tours\",\"isPartOf\":{\"@id\":\"https:\\\/\\\/bookroad.tours\\\/#website\"},\"datePublished\":\"2025-02-27T09:54:15+00:00\",\"dateModified\":\"2026-03-25T10:21:08+00:00\",\"breadcrumb\":{\"@id\":\"https:\\\/\\\/bookroad.tours\\\/index.php\\\/sobre-nosotros\\\/#breadcrumb\"},\"inLanguage\":\"es\",\"potentialAction\":[{\"@type\":\"ReadAction\",\"target\":[\"https:\\\/\\\/bookroad.tours\\\/index.php\\\/sobre-nosotros\\\/\"]}]},{\"@type\":\"BreadcrumbList\",\"@id\":\"https:\\\/\\\/bookroad.tours\\\/index.php\\\/sobre-nosotros\\\/#breadcrumb\",\"itemListElement\":[{\"@type\":\"ListItem\",\"position\":1,\"name\":\"Portada\",\"item\":\"https:\\\/\\\/bookroad.tours\\\/index.php\\\/en\\\/main\\\/\"},{\"@type\":\"ListItem\",\"position\":2,\"name\":\"Sobre Nosotros\"}]},{\"@type\":\"WebSite\",\"@id\":\"https:\\\/\\\/bookroad.tours\\\/#website\",\"url\":\"https:\\\/\\\/bookroad.tours\\\/\",\"name\":\"Bookroad Tours\",\"description\":\"Your Spain Luxury Travel Experts\",\"publisher\":{\"@id\":\"https:\\\/\\\/bookroad.tours\\\/#organization\"},\"potentialAction\":[{\"@type\":\"SearchAction\",\"target\":{\"@type\":\"EntryPoint\",\"urlTemplate\":\"https:\\\/\\\/bookroad.tours\\\/?s={search_term_string}\"},\"query-input\":{\"@type\":\"PropertyValueSpecification\",\"valueRequired\":true,\"valueName\":\"search_term_string\"}}],\"inLanguage\":\"es\"},{\"@type\":\"Organization\",\"@id\":\"https:\\\/\\\/bookroad.tours\\\/#organization\",\"name\":\"Bookroad Tours\",\"url\":\"https:\\\/\\\/bookroad.tours\\\/\",\"logo\":{\"@type\":\"ImageObject\",\"inLanguage\":\"es\",\"@id\":\"https:\\\/\\\/bookroad.tours\\\/#\\\/schema\\\/logo\\\/image\\\/\",\"url\":\"https:\\\/\\\/bookroad.tours\\\/wp-content\\\/uploads\\\/2025\\\/02\\\/cropped-logo-br-tours2-3.png\",\"contentUrl\":\"https:\\\/\\\/bookroad.tours\\\/wp-content\\\/uploads\\\/2025\\\/02\\\/cropped-logo-br-tours2-3.png\",\"width\":1084,\"height\":233,\"caption\":\"Bookroad Tours\"},\"image\":{\"@id\":\"https:\\\/\\\/bookroad.tours\\\/#\\\/schema\\\/logo\\\/image\\\/\"}}]}<\/script>\n<!-- \/ Yoast SEO plugin. -->","yoast_head_json":{"title":"Sobre Nosotros - Bookroad Tours","robots":{"index":"index","follow":"follow","max-snippet":"max-snippet:-1","max-image-preview":"max-image-preview:large","max-video-preview":"max-video-preview:-1"},"canonical":"https:\/\/bookroad.tours\/index.php\/sobre-nosotros\/","og_locale":"es_ES","og_type":"article","og_title":"Sobre Nosotros - Bookroad Tours","og_description":"Bookroad Travel cuenta con un gran equipo de expertos en viajes corporativos comprometidos a brindar soluciones de viajes que se ajusten a sus necesidades comerciales espec\u00edficas. Ya sea que est\u00e9 buscando organizar una conferencia, una reuni\u00f3n de negocios, un evento corporativo o simplemente un viaje de negocios, estamos aqu\u00ed para ayudarlo. En este gran equipo [&hellip;]","og_url":"https:\/\/bookroad.tours\/index.php\/sobre-nosotros\/","og_site_name":"Bookroad Tours","article_modified_time":"2026-03-25T10:21:08+00:00","og_image":[{"width":1200,"height":783,"url":"https:\/\/bookroad.tours\/wp-content\/uploads\/2025\/05\/Deba.jpg","type":"image\/jpeg"}],"twitter_card":"summary_large_image","twitter_misc":{"Tiempo de lectura":"3 minutos"},"schema":{"@context":"https:\/\/schema.org","@graph":[{"@type":"WebPage","@id":"https:\/\/bookroad.tours\/index.php\/sobre-nosotros\/","url":"https:\/\/bookroad.tours\/index.php\/sobre-nosotros\/","name":"Sobre Nosotros - Bookroad Tours","isPartOf":{"@id":"https:\/\/bookroad.tours\/#website"},"datePublished":"2025-02-27T09:54:15+00:00","dateModified":"2026-03-25T10:21:08+00:00","breadcrumb":{"@id":"https:\/\/bookroad.tours\/index.php\/sobre-nosotros\/#breadcrumb"},"inLanguage":"es","potentialAction":[{"@type":"ReadAction","target":["https:\/\/bookroad.tours\/index.php\/sobre-nosotros\/"]}]},{"@type":"BreadcrumbList","@id":"https:\/\/bookroad.tours\/index.php\/sobre-nosotros\/#breadcrumb","itemListElement":[{"@type":"ListItem","position":1,"name":"Portada","item":"https:\/\/bookroad.tours\/index.php\/en\/main\/"},{"@type":"ListItem","position":2,"name":"Sobre Nosotros"}]},{"@type":"WebSite","@id":"https:\/\/bookroad.tours\/#website","url":"https:\/\/bookroad.tours\/","name":"Bookroad Tours","description":"Your Spain Luxury Travel Experts","publisher":{"@id":"https:\/\/bookroad.tours\/#organization"},"potentialAction":[{"@type":"SearchAction","target":{"@type":"EntryPoint","urlTemplate":"https:\/\/bookroad.tours\/?s={search_term_string}"},"query-input":{"@type":"PropertyValueSpecification","valueRequired":true,"valueName":"search_term_string"}}],"inLanguage":"es"},{"@type":"Organization","@id":"https:\/\/bookroad.tours\/#organization","name":"Bookroad Tours","url":"https:\/\/bookroad.tours\/","logo":{"@type":"ImageObject","inLanguage":"es","@id":"https:\/\/bookroad.tours\/#\/schema\/logo\/image\/","url":"https:\/\/bookroad.tours\/wp-content\/uploads\/2025\/02\/cropped-logo-br-tours2-3.png","contentUrl":"https:\/\/bookroad.tours\/wp-content\/uploads\/2025\/02\/cropped-logo-br-tours2-3.png","width":1084,"height":233,"caption":"Bookroad Tours"},"image":{"@id":"https:\/\/bookroad.tours\/#\/schema\/logo\/image\/"}}]}},"_links":{"self":[{"href":"https:\/\/bookroad.tours\/index.php\/wp-json\/wp\/v2\/pages\/21971","targetHints":{"allow":["GET"]}}],"collection":[{"href":"https:\/\/bookroad.tours\/index.php\/wp-json\/wp\/v2\/pages"}],"about":[{"href":"https:\/\/bookroad.tours\/index.php\/wp-json\/wp\/v2\/types\/page"}],"author":[{"embeddable":true,"href":"https:\/\/bookroad.tours\/index.php\/wp-json\/wp\/v2\/users\/1"}],"replies":[{"embeddable":true,"href":"https:\/\/bookroad.tours\/index.php\/wp-json\/wp\/v2\/comments?post=21971"}],"version-history":[{"count":12,"href":"https:\/\/bookroad.tours\/index.php\/wp-json\/wp\/v2\/pages\/21971\/revisions"}],"predecessor-version":[{"id":25212,"href":"https:\/\/bookroad.tours\/index.php\/wp-json\/wp\/v2\/pages\/21971\/revisions\/25212"}],"wp:attachment":[{"href":"https:\/\/bookroad.tours\/index.php\/wp-json\/wp\/v2\/media?parent=21971"}],"curies":[{"name":"wp","href":"https:\/\/api.w.org\/{rel}","templated":true}]}}