{"id":21957,"date":"2025-02-25T10:18:41","date_gmt":"2025-02-25T09:18:41","guid":{"rendered":"https:\/\/travel.mikelgnz.com\/?page_id=21957"},"modified":"2025-02-25T10:18:41","modified_gmt":"2025-02-25T09:18:41","slug":"politica-de-privacidad","status":"publish","type":"page","link":"https:\/\/bookroad.tours\/index.php\/politica-de-privacidad\/","title":{"rendered":"Pol\u00edtica de Privacidad"},"content":{"rendered":"\n<p>BOOKROAD TRAVEL NETWORK cumple con las directrices del Reglamento (UE) 2016\/679 del Parlamento Europeo y del Consejo, de 27 de abril de 2016, relativo a la protecci\u00f3n de las personas f\u00edsicas en lo que respecta al tratamiento de datos personales y a la libre circulaci\u00f3n de estos datos (RGPD), velando en todo momento por garantizar un correcto uso y tratamiento de los datos personales del usuario.<\/p>\n\n\n\n<p>\u00bfQU\u00c9 DATOS RECOPILAMOS A TRAV\u00c9S DEL SITIO WEB?<br>Puede visitar y utilizar los servicios del sitio web www.bookroad.tours sin identificarse ni revelar ning\u00fan dato personal sobre usted.<\/p>\n\n\n\n<p>Los \u00fanicos datos personales a los que tendr\u00e1 acceso BOOKROAD TRAVEL NETWORK ser\u00e1n aquellos que el usuario facilite voluntariamente al contactar con BOOKROAD TRAVEL NETWORK a trav\u00e9s de correo electr\u00f3nico o cualquier otro medio facilitado en el sitio web.<\/p>\n\n\n\n<p>Podremos tratar su IP, qu\u00e9 sistema operativo o navegador utiliza, e incluso la duraci\u00f3n de su visita de forma an\u00f3nima.<\/p>\n\n\n\n<p>\u00bfCU\u00c1L ES LA LEGITIMACI\u00d3N PARA EL TRATAMIENTO DE SUS DATOS?<\/p>\n\n\n\n<p>La aceptaci\u00f3n y consentimiento del interesado. En aquellos casos donde para realizar una solicitud sea necesario rellenar un formulario y hacer un \u201cclick\u201d en el bot\u00f3n de env\u00edo, el hacerlo implicar\u00e1 necesariamente que ha sido informado y ha otorgado expresamente su consentimiento al contenido de la cl\u00e1usula anexada a dicho formulario o aceptaci\u00f3n de la pol\u00edtica de privacidad.<\/p>\n\n\n\n<p>\u00bfCON QU\u00c9 FINALIDAD TRATAREMOS SUS DATOS PERSONALES?<\/p>\n\n\n\n<p>De conformidad con el Reglamento (UE) 2016\/679 del Parlamento Europeo y del Consejo, de 27 de abril de 2016, relativo a la protecci\u00f3n de las personas f\u00edsicas en lo que respecta al tratamiento de datos personales y a la libre circulaci\u00f3n de estos datos (RGPD), le informamos que los datos personales que voluntariamente nos facilite a trav\u00e9s de los distintos formularios de entrada dispuestos al efecto en la p\u00e1gina web www.bookroad.tours o cualquier otro canal de recogida de dichos datos ser\u00e1n incorporados a los ficheros de tratamiento responsabilidad de BOOKROAD TRAVEL NETWORK para la gesti\u00f3n de los datos recabados con las siguientes finalidades:<\/p>\n\n\n\n<p>Resolver cualquier consulta, solicitud o petici\u00f3n que nos formule<br>Gestionar el servicio solicitado, contestar a su solicitud o tramitar su petici\u00f3n<br>Gestionar transacciones electr\u00f3nicas a trav\u00e9s de la plataforma de Pago Seguro<br>Mantenerle informado de cualquier cambio o modificaci\u00f3n que nos parezca de inter\u00e9s a trav\u00e9s de cualquier medio facilitado<br>Informaci\u00f3n por medios electr\u00f3nicos relativa a su solicitud<br>Remitirle informaci\u00f3n comercial sobre nuestros productos\/servicios con car\u00e1cter previo a su solicitud o consentimiento.<br>Realizar an\u00e1lisis y mejoras en la web respecto a nuevos productos y servicios<br>Gesti\u00f3n de la extranet de acceso para Socios de Taxiberia<br>Darse de baja de nuestros servicios<\/p>\n\n\n\n<p>\u00bfA QU\u00c9 DESTINATARIOS SE COMUNICAR\u00c1N SUS DATOS?<\/p>\n\n\n\n<p>Los datos recabados son los adecuados, pertinentes y no excesivos en relaci\u00f3n con el \u00e1mbito y finalidades descritas. Sus datos ser\u00e1n tratados y almacenados cumpliendo las medidas de seguridad descritas conforme a la normativa vigente y garantizando en todo momento su integridad y confidencialidad.<\/p>\n\n\n\n<p>Sus datos no ser\u00e1n cedidos a terceros, salvo obligaci\u00f3n legal, ni se compartir\u00e1n con empresas o entidades ajenas a BOOKROAD TRAVEL NETWORK. Se le informa de las siguientes posibles cesiones de sus datos:<\/p>\n\n\n\n<p>a organismos p\u00fablicos y privados para el cumplimiento de obligaciones legales seg\u00fan la normativa vigente<br>a empresas y colaboradores para la gesti\u00f3n administrativa y\/o comercial, para la gesti\u00f3n de las finalidades descritas anteriormente, para la prestaci\u00f3n de servicios y la correcta gesti\u00f3n de la empresa<br>a encargados del tratamiento necesarios para la ejecuci\u00f3n del contrato<br>a empresas encargadas del soporte y mantenimiento de nuestra web, sistema inform\u00e1tico, etc.<br>Cualquier transferencia internacional de datos al utilizar aplicaciones americanas estar\u00e1 sujeta al convenio Privacy Shield, que garantiza que las empresas de software americano cumplen las pol\u00edticas de protecci\u00f3n de datos europeas en materia de privacidad<br>En estos casos, s\u00f3lo para las finalidades y usos que sean exclusivamente necesarios para el desarrollo de su actividad para la que fueron requeridos sus servicios, no pudiendo destinarse a una finalidad distinta. Para cualquier cesi\u00f3n distinta a la especificada anteriormente, se le informar\u00e1 debidamente, pudiendo ejercitar su derecho de oposici\u00f3n en cualquier momento.<\/p>\n\n\n\n<p>Se entender\u00e1 prestado el consentimiento mientras no nos comunique expresamente la revocaci\u00f3n del consentimiento a alguno de los tratamientos indicados anteriormente.<\/p>\n\n\n\n<p>Los campos marcados con un asterisco (*) en los distintos formularios son obligatorios para la formalizaci\u00f3n de la solicitud correspondiente.<\/p>\n\n\n\n<p>Al facilitarnos su correo electr\u00f3nico, consiente expresamente que podamos ponernos en contacto con usted a trav\u00e9s de este medio.<\/p>\n\n\n\n<p>El usuario de la web www.bookroad.tours ser\u00e1 el \u00fanico responsable de la veracidad y exactitud de los datos facilitados, actuando BOOKROAD TRAVEL NETWORK de buena fe como mero prestador del servicio. En el caso de que se hayan facilitado datos falsos o de terceras personas sin su consentimiento, BOOKROAD TRAVEL NETWORK se reserva el derecho a la destrucci\u00f3n inmediata de los mismos.<\/p>\n","protected":false},"excerpt":{"rendered":"<p>BOOKROAD TRAVEL NETWORK cumple con las directrices del Reglamento (UE) 2016\/679 del Parlamento Europeo y del Consejo, de 27 de abril de 2016, relativo a la protecci\u00f3n de las personas f\u00edsicas en lo que respecta al tratamiento de datos personales y a la libre circulaci\u00f3n de estos datos (RGPD), velando en todo momento por garantizar [&hellip;]<\/p>\n","protected":false},"author":1,"featured_media":0,"parent":0,"menu_order":0,"comment_status":"closed","ping_status":"open","template":"","meta":{"_acf_changed":false,"footnotes":""},"class_list":["post-21957","page","type-page","status-publish","hentry"],"acf":[],"yoast_head":"<!-- This site is optimized with the Yoast SEO plugin v27.6 - https:\/\/yoast.com\/product\/yoast-seo-wordpress\/ -->\n<title>Pol\u00edtica de Privacidad - Bookroad Tours<\/title>\n<meta name=\"robots\" content=\"index, follow, max-snippet:-1, max-image-preview:large, max-video-preview:-1\" \/>\n<link rel=\"canonical\" href=\"https:\/\/bookroad.tours\/index.php\/politica-de-privacidad\/\" \/>\n<meta property=\"og:locale\" content=\"es_ES\" \/>\n<meta property=\"og:type\" content=\"article\" \/>\n<meta property=\"og:title\" content=\"Pol\u00edtica de Privacidad - Bookroad Tours\" \/>\n<meta property=\"og:description\" content=\"BOOKROAD TRAVEL NETWORK cumple con las directrices del Reglamento (UE) 2016\/679 del Parlamento Europeo y del Consejo, de 27 de abril de 2016, relativo a la protecci\u00f3n de las personas f\u00edsicas en lo que respecta al tratamiento de datos personales y a la libre circulaci\u00f3n de estos datos (RGPD), velando en todo momento por garantizar [&hellip;]\" \/>\n<meta property=\"og:url\" content=\"https:\/\/bookroad.tours\/index.php\/politica-de-privacidad\/\" \/>\n<meta property=\"og:site_name\" content=\"Bookroad Tours\" \/>\n<meta property=\"og:image\" content=\"https:\/\/bookroad.tours\/wp-content\/uploads\/2025\/05\/Deba.jpg\" \/>\n\t<meta property=\"og:image:width\" content=\"1200\" \/>\n\t<meta property=\"og:image:height\" content=\"783\" \/>\n\t<meta property=\"og:image:type\" content=\"image\/jpeg\" \/>\n<meta name=\"twitter:card\" content=\"summary_large_image\" \/>\n<meta name=\"twitter:label1\" content=\"Tiempo de lectura\" \/>\n\t<meta name=\"twitter:data1\" content=\"4 minutos\" \/>\n<script type=\"application\/ld+json\" class=\"yoast-schema-graph\">{\"@context\":\"https:\\\/\\\/schema.org\",\"@graph\":[{\"@type\":\"WebPage\",\"@id\":\"https:\\\/\\\/bookroad.tours\\\/index.php\\\/politica-de-privacidad\\\/\",\"url\":\"https:\\\/\\\/bookroad.tours\\\/index.php\\\/politica-de-privacidad\\\/\",\"name\":\"Pol\u00edtica de Privacidad - Bookroad Tours\",\"isPartOf\":{\"@id\":\"https:\\\/\\\/bookroad.tours\\\/#website\"},\"datePublished\":\"2025-02-25T09:18:41+00:00\",\"breadcrumb\":{\"@id\":\"https:\\\/\\\/bookroad.tours\\\/index.php\\\/politica-de-privacidad\\\/#breadcrumb\"},\"inLanguage\":\"es\",\"potentialAction\":[{\"@type\":\"ReadAction\",\"target\":[\"https:\\\/\\\/bookroad.tours\\\/index.php\\\/politica-de-privacidad\\\/\"]}]},{\"@type\":\"BreadcrumbList\",\"@id\":\"https:\\\/\\\/bookroad.tours\\\/index.php\\\/politica-de-privacidad\\\/#breadcrumb\",\"itemListElement\":[{\"@type\":\"ListItem\",\"position\":1,\"name\":\"Portada\",\"item\":\"https:\\\/\\\/bookroad.tours\\\/index.php\\\/en\\\/main\\\/\"},{\"@type\":\"ListItem\",\"position\":2,\"name\":\"Pol\u00edtica de Privacidad\"}]},{\"@type\":\"WebSite\",\"@id\":\"https:\\\/\\\/bookroad.tours\\\/#website\",\"url\":\"https:\\\/\\\/bookroad.tours\\\/\",\"name\":\"Bookroad Tours\",\"description\":\"Your Spain Luxury Travel Experts\",\"publisher\":{\"@id\":\"https:\\\/\\\/bookroad.tours\\\/#organization\"},\"potentialAction\":[{\"@type\":\"SearchAction\",\"target\":{\"@type\":\"EntryPoint\",\"urlTemplate\":\"https:\\\/\\\/bookroad.tours\\\/?s={search_term_string}\"},\"query-input\":{\"@type\":\"PropertyValueSpecification\",\"valueRequired\":true,\"valueName\":\"search_term_string\"}}],\"inLanguage\":\"es\"},{\"@type\":\"Organization\",\"@id\":\"https:\\\/\\\/bookroad.tours\\\/#organization\",\"name\":\"Bookroad Tours\",\"url\":\"https:\\\/\\\/bookroad.tours\\\/\",\"logo\":{\"@type\":\"ImageObject\",\"inLanguage\":\"es\",\"@id\":\"https:\\\/\\\/bookroad.tours\\\/#\\\/schema\\\/logo\\\/image\\\/\",\"url\":\"https:\\\/\\\/bookroad.tours\\\/wp-content\\\/uploads\\\/2025\\\/02\\\/cropped-logo-br-tours2-3.png\",\"contentUrl\":\"https:\\\/\\\/bookroad.tours\\\/wp-content\\\/uploads\\\/2025\\\/02\\\/cropped-logo-br-tours2-3.png\",\"width\":1084,\"height\":233,\"caption\":\"Bookroad Tours\"},\"image\":{\"@id\":\"https:\\\/\\\/bookroad.tours\\\/#\\\/schema\\\/logo\\\/image\\\/\"}}]}<\/script>\n<!-- \/ Yoast SEO plugin. -->","yoast_head_json":{"title":"Pol\u00edtica de Privacidad - Bookroad Tours","robots":{"index":"index","follow":"follow","max-snippet":"max-snippet:-1","max-image-preview":"max-image-preview:large","max-video-preview":"max-video-preview:-1"},"canonical":"https:\/\/bookroad.tours\/index.php\/politica-de-privacidad\/","og_locale":"es_ES","og_type":"article","og_title":"Pol\u00edtica de Privacidad - Bookroad Tours","og_description":"BOOKROAD TRAVEL NETWORK cumple con las directrices del Reglamento (UE) 2016\/679 del Parlamento Europeo y del Consejo, de 27 de abril de 2016, relativo a la protecci\u00f3n de las personas f\u00edsicas en lo que respecta al tratamiento de datos personales y a la libre circulaci\u00f3n de estos datos (RGPD), velando en todo momento por garantizar [&hellip;]","og_url":"https:\/\/bookroad.tours\/index.php\/politica-de-privacidad\/","og_site_name":"Bookroad Tours","og_image":[{"width":1200,"height":783,"url":"https:\/\/bookroad.tours\/wp-content\/uploads\/2025\/05\/Deba.jpg","type":"image\/jpeg"}],"twitter_card":"summary_large_image","twitter_misc":{"Tiempo de lectura":"4 minutos"},"schema":{"@context":"https:\/\/schema.org","@graph":[{"@type":"WebPage","@id":"https:\/\/bookroad.tours\/index.php\/politica-de-privacidad\/","url":"https:\/\/bookroad.tours\/index.php\/politica-de-privacidad\/","name":"Pol\u00edtica de Privacidad - Bookroad Tours","isPartOf":{"@id":"https:\/\/bookroad.tours\/#website"},"datePublished":"2025-02-25T09:18:41+00:00","breadcrumb":{"@id":"https:\/\/bookroad.tours\/index.php\/politica-de-privacidad\/#breadcrumb"},"inLanguage":"es","potentialAction":[{"@type":"ReadAction","target":["https:\/\/bookroad.tours\/index.php\/politica-de-privacidad\/"]}]},{"@type":"BreadcrumbList","@id":"https:\/\/bookroad.tours\/index.php\/politica-de-privacidad\/#breadcrumb","itemListElement":[{"@type":"ListItem","position":1,"name":"Portada","item":"https:\/\/bookroad.tours\/index.php\/en\/main\/"},{"@type":"ListItem","position":2,"name":"Pol\u00edtica de Privacidad"}]},{"@type":"WebSite","@id":"https:\/\/bookroad.tours\/#website","url":"https:\/\/bookroad.tours\/","name":"Bookroad Tours","description":"Your Spain Luxury Travel Experts","publisher":{"@id":"https:\/\/bookroad.tours\/#organization"},"potentialAction":[{"@type":"SearchAction","target":{"@type":"EntryPoint","urlTemplate":"https:\/\/bookroad.tours\/?s={search_term_string}"},"query-input":{"@type":"PropertyValueSpecification","valueRequired":true,"valueName":"search_term_string"}}],"inLanguage":"es"},{"@type":"Organization","@id":"https:\/\/bookroad.tours\/#organization","name":"Bookroad Tours","url":"https:\/\/bookroad.tours\/","logo":{"@type":"ImageObject","inLanguage":"es","@id":"https:\/\/bookroad.tours\/#\/schema\/logo\/image\/","url":"https:\/\/bookroad.tours\/wp-content\/uploads\/2025\/02\/cropped-logo-br-tours2-3.png","contentUrl":"https:\/\/bookroad.tours\/wp-content\/uploads\/2025\/02\/cropped-logo-br-tours2-3.png","width":1084,"height":233,"caption":"Bookroad Tours"},"image":{"@id":"https:\/\/bookroad.tours\/#\/schema\/logo\/image\/"}}]}},"_links":{"self":[{"href":"https:\/\/bookroad.tours\/index.php\/wp-json\/wp\/v2\/pages\/21957","targetHints":{"allow":["GET"]}}],"collection":[{"href":"https:\/\/bookroad.tours\/index.php\/wp-json\/wp\/v2\/pages"}],"about":[{"href":"https:\/\/bookroad.tours\/index.php\/wp-json\/wp\/v2\/types\/page"}],"author":[{"embeddable":true,"href":"https:\/\/bookroad.tours\/index.php\/wp-json\/wp\/v2\/users\/1"}],"replies":[{"embeddable":true,"href":"https:\/\/bookroad.tours\/index.php\/wp-json\/wp\/v2\/comments?post=21957"}],"version-history":[{"count":0,"href":"https:\/\/bookroad.tours\/index.php\/wp-json\/wp\/v2\/pages\/21957\/revisions"}],"wp:attachment":[{"href":"https:\/\/bookroad.tours\/index.php\/wp-json\/wp\/v2\/media?parent=21957"}],"curies":[{"name":"wp","href":"https:\/\/api.w.org\/{rel}","templated":true}]}}